{"id":28,"date":"2022-02-08T11:07:14","date_gmt":"2022-02-08T10:07:14","guid":{"rendered":"https:\/\/www.centrumlavita.sk\/?page_id=28"},"modified":"2022-03-11T20:20:27","modified_gmt":"2022-03-11T19:20:27","slug":"co-ponukam","status":"publish","type":"page","link":"https:\/\/www.centrumlavita.sk\/?page_id=28","title":{"rendered":"\u010co pon\u00fakam"},"content":{"rendered":"\t\t<div data-elementor-type=\"wp-page\" data-elementor-id=\"28\" class=\"elementor elementor-28\" data-elementor-settings=\"[]\">\n\t\t\t\t\t\t\t<div class=\"elementor-section-wrap\">\n\t\t\t\t\t\t\t<section class=\"elementor-section elementor-top-section elementor-element elementor-element-2b1086e elementor-section-boxed elementor-section-height-default elementor-section-height-default\" data-id=\"2b1086e\" data-element_type=\"section\" data-settings=\"{&quot;background_background&quot;:&quot;classic&quot;}\">\n\t\t\t\t\t\t<div class=\"elementor-container elementor-column-gap-default\">\n\t\t\t\t\t<div class=\"elementor-column elementor-col-100 elementor-top-column elementor-element elementor-element-8a34095\" data-id=\"8a34095\" data-element_type=\"column\">\n\t\t\t<div class=\"elementor-widget-wrap elementor-element-populated\">\n\t\t\t\t\t\t\t\t<div class=\"elementor-element elementor-element-76fa6cc elementor-widget elementor-widget-heading\" data-id=\"76fa6cc\" data-element_type=\"widget\" data-widget_type=\"heading.default\">\n\t\t\t\t<div class=\"elementor-widget-container\">\n\t\t\t<style>\/*! elementor - v3.5.5 - 03-02-2022 *\/\n.elementor-heading-title{padding:0;margin:0;line-height:1}.elementor-widget-heading .elementor-heading-title[class*=elementor-size-]>a{color:inherit;font-size:inherit;line-height:inherit}.elementor-widget-heading .elementor-heading-title.elementor-size-small{font-size:15px}.elementor-widget-heading .elementor-heading-title.elementor-size-medium{font-size:19px}.elementor-widget-heading .elementor-heading-title.elementor-size-large{font-size:29px}.elementor-widget-heading .elementor-heading-title.elementor-size-xl{font-size:39px}.elementor-widget-heading .elementor-heading-title.elementor-size-xxl{font-size:59px}<\/style><h2 class=\"elementor-heading-title elementor-size-default\">\u010co pon\u00fakam<\/h2>\t\t<\/div>\n\t\t\t\t<\/div>\n\t\t\t\t<div class=\"elementor-element elementor-element-0ea7f5c elementor-widget elementor-widget-text-editor\" data-id=\"0ea7f5c\" data-element_type=\"widget\" data-widget_type=\"text-editor.default\">\n\t\t\t\t<div class=\"elementor-widget-container\">\n\t\t\t<style>\/*! elementor - v3.5.5 - 03-02-2022 *\/\n.elementor-widget-text-editor.elementor-drop-cap-view-stacked .elementor-drop-cap{background-color:#818a91;color:#fff}.elementor-widget-text-editor.elementor-drop-cap-view-framed .elementor-drop-cap{color:#818a91;border:3px solid;background-color:transparent}.elementor-widget-text-editor:not(.elementor-drop-cap-view-default) .elementor-drop-cap{margin-top:8px}.elementor-widget-text-editor:not(.elementor-drop-cap-view-default) .elementor-drop-cap-letter{width:1em;height:1em}.elementor-widget-text-editor .elementor-drop-cap{float:left;text-align:center;line-height:1;font-size:50px}.elementor-widget-text-editor .elementor-drop-cap-letter{display:inline-block}<\/style>\t\t\t\t<p><strong><span style=\"color: #8b1100;\">Pre rodiny<\/span><\/strong><\/p><ul><li>Posil\u0148ovanie rodi\u010dovsk\u00fdch zru\u010dnost\u00ed a vz\u0165ahov\u00e1 v\u00fdchova<\/li><li>Komplexn\u00e9 slu\u017eby v oblasti terapie rod\u00edn<\/li><li>Poradenstvo pri doj\u010den\u00ed<\/li><li>Poradenstvo pri nosen\u00ed b\u00e1b\u00e4tka<\/li><li>Pr\u00e1ca s p\u00e1rom (partnerstvo, rodi\u010dovstvo, intimita a vedom\u00fd dotyk, p\u00e1r v konflikte)<\/li><li>Sprev\u00e1dzanie rod\u00edn v\u00a0rozvodovom a\u00a0porozvodovom obdob\u00ed<\/li><li>Kr\u00edzov\u00e1 intervencia rod\u00edn<\/li><li>Predn\u00e1\u0161ky a workshopy<\/li><\/ul><p><strong><span style=\"color: #8b1100;\">Pre jednotlivcov<\/span><\/strong><\/p><ul><li>Sprev\u00e1dzanie dospel\u00fdch zlo\u017eit\u00fdmi \u017eivotn\u00fdmi situ\u00e1ciami<\/li><li>Sprev\u00e1dzanie det\u00ed zlo\u017eit\u00fdmi \u017eivotn\u00fdmi situ\u00e1ciami<\/li><li>Kr\u00edzov\u00e1 intervencia<\/li><li>Sprev\u00e1dzanie \u017eien po strate b\u00e1b\u00e4tka (spont\u00e1nny potrat, umel\u00e9 preru\u0161enie tehotenstva, \u00famrtie b\u00e1b\u00e4tka)<\/li><li>Rozvoj sebapoznania &#8211; kto som a pre\u010do tu som<\/li><li>Budovanie vn\u00fatornej sily, stability a\u00a0slobody<\/li><li>Seba\u00facta, sebal\u00e1ska, sebahodnota, sebaprijatie<\/li><li>Predn\u00e1\u0161ky a workshopy<\/li><\/ul><p><strong><span style=\"color: #8b1100;\">Pre firmy a organiz\u00e1cie<\/span><\/strong><\/p><ul><li>Kr\u00edzov\u00e1 intervencia<\/li><li>Kou\u010ding a poradenstvo<\/li><li>Predn\u00e1\u0161ky a workshopy<\/li><li>Region\u00e1lny klub kou\u010dov Trnava<\/li><\/ul><p><span style=\"color: #8b1100;\"><strong>Dar\u010dekov\u00e9 poukazy<\/strong><\/span><\/p><p><strong><span style=\"color: #8b1100;\">Darujte stretnutie svojmu bl\u00edzkemu, d\u00e1me V\u00e1m kr\u00e1snu pouk\u00e1\u017eku, ktor\u00fa mu m\u00f4\u017eete venova\u0165.<\/span><\/strong><\/p>\t\t\t\t\t\t<\/div>\n\t\t\t\t<\/div>\n\t\t\t\t\t<\/div>\n\t\t<\/div>\n\t\t\t\t\t\t\t<\/div>\n\t\t<\/section>\n\t\t\t\t\t\t<\/div>\n\t\t\t\t\t<\/div>\n\t\t","protected":false},"excerpt":{"rendered":"<p>\u010co pon\u00fakam Pre rodiny Posil\u0148ovanie rodi\u010dovsk\u00fdch zru\u010dnost\u00ed a vz\u0165ahov\u00e1 v\u00fdchova Komplexn\u00e9 slu\u017eby v oblasti terapie rod\u00edn Poradenstvo pri doj\u010den\u00ed Poradenstvo pri nosen\u00ed b\u00e1b\u00e4tka Pr\u00e1ca s p\u00e1rom (partnerstvo, rodi\u010dovstvo, intimita a vedom\u00fd dotyk, p\u00e1r v konflikte) Sprev\u00e1dzanie rod\u00edn v\u00a0rozvodovom a\u00a0porozvodovom obdob\u00ed Kr\u00edzov\u00e1 intervencia rod\u00edn Predn\u00e1\u0161ky a workshopy Pre jednotlivcov Sprev\u00e1dzanie dospel\u00fdch zlo\u017eit\u00fdmi \u017eivotn\u00fdmi situ\u00e1ciami Sprev\u00e1dzanie det\u00ed &hellip;<\/p>\n<p class=\"read-more\"> <a class=\"\" href=\"https:\/\/www.centrumlavita.sk\/?page_id=28\"> <span class=\"screen-reader-text\">\u010co pon\u00fakam<\/span> \u010c\u00edtajte viac &raquo;<\/a><\/p>\n","protected":false},"author":1,"featured_media":0,"parent":0,"menu_order":0,"comment_status":"closed","ping_status":"closed","template":"","meta":{"site-sidebar-layout":"no-sidebar","site-content-layout":"page-builder","ast-main-header-display":"","ast-hfb-above-header-display":"","ast-hfb-below-header-display":"","ast-hfb-mobile-header-display":"","site-post-title":"disabled","ast-breadcrumbs-content":"","ast-featured-img":"disabled","footer-sml-layout":"","theme-transparent-header-meta":"","adv-header-id-meta":"","stick-header-meta":"","header-above-stick-meta":"","header-main-stick-meta":"","header-below-stick-meta":"","footnotes":""},"class_list":["post-28","page","type-page","status-publish","hentry"],"_links":{"self":[{"href":"https:\/\/www.centrumlavita.sk\/index.php?rest_route=\/wp\/v2\/pages\/28","targetHints":{"allow":["GET"]}}],"collection":[{"href":"https:\/\/www.centrumlavita.sk\/index.php?rest_route=\/wp\/v2\/pages"}],"about":[{"href":"https:\/\/www.centrumlavita.sk\/index.php?rest_route=\/wp\/v2\/types\/page"}],"author":[{"embeddable":true,"href":"https:\/\/www.centrumlavita.sk\/index.php?rest_route=\/wp\/v2\/users\/1"}],"replies":[{"embeddable":true,"href":"https:\/\/www.centrumlavita.sk\/index.php?rest_route=%2Fwp%2Fv2%2Fcomments&post=28"}],"version-history":[{"count":13,"href":"https:\/\/www.centrumlavita.sk\/index.php?rest_route=\/wp\/v2\/pages\/28\/revisions"}],"predecessor-version":[{"id":352,"href":"https:\/\/www.centrumlavita.sk\/index.php?rest_route=\/wp\/v2\/pages\/28\/revisions\/352"}],"wp:attachment":[{"href":"https:\/\/www.centrumlavita.sk\/index.php?rest_route=%2Fwp%2Fv2%2Fmedia&parent=28"}],"curies":[{"name":"wp","href":"https:\/\/api.w.org\/{rel}","templated":true}]}}