{"id":6,"date":"2022-02-08T10:54:37","date_gmt":"2022-02-08T09:54:37","guid":{"rendered":"https:\/\/www.centrumlavita.sk\/?page_id=6"},"modified":"2022-03-30T18:18:50","modified_gmt":"2022-03-30T16:18:50","slug":"domov","status":"publish","type":"page","link":"https:\/\/www.centrumlavita.sk\/","title":{"rendered":"Domov"},"content":{"rendered":"\t\t<div data-elementor-type=\"wp-page\" data-elementor-id=\"6\" class=\"elementor elementor-6\" data-elementor-settings=\"[]\">\n\t\t\t\t\t\t\t<div class=\"elementor-section-wrap\">\n\t\t\t\t\t\t\t<section class=\"elementor-section elementor-top-section elementor-element elementor-element-5627328 elementor-section-full_width elementor-section-height-default elementor-section-height-default\" data-id=\"5627328\" data-element_type=\"section\">\n\t\t\t\t\t\t<div class=\"elementor-container elementor-column-gap-default\">\n\t\t\t\t\t<div class=\"elementor-column elementor-col-100 elementor-top-column elementor-element elementor-element-df0fa23\" data-id=\"df0fa23\" data-element_type=\"column\">\n\t\t\t<div class=\"elementor-widget-wrap elementor-element-populated\">\n\t\t\t\t\t\t\t\t\t<\/div>\n\t\t<\/div>\n\t\t\t\t\t\t\t<\/div>\n\t\t<\/section>\n\t\t\t\t<section class=\"elementor-section elementor-top-section elementor-element elementor-element-86620a4 elementor-section-boxed elementor-section-height-default elementor-section-height-default\" data-id=\"86620a4\" data-element_type=\"section\" data-settings=\"{&quot;background_background&quot;:&quot;classic&quot;}\">\n\t\t\t\t\t\t<div class=\"elementor-container elementor-column-gap-default\">\n\t\t\t\t\t<div class=\"elementor-column elementor-col-100 elementor-top-column elementor-element elementor-element-9294e9b\" data-id=\"9294e9b\" data-element_type=\"column\">\n\t\t\t<div class=\"elementor-widget-wrap elementor-element-populated\">\n\t\t\t\t\t\t\t\t<div class=\"elementor-element elementor-element-9bd9255 elementor-widget elementor-widget-heading\" data-id=\"9bd9255\" data-element_type=\"widget\" data-widget_type=\"heading.default\">\n\t\t\t\t<div class=\"elementor-widget-container\">\n\t\t\t<style>\/*! elementor - v3.5.5 - 03-02-2022 *\/\n.elementor-heading-title{padding:0;margin:0;line-height:1}.elementor-widget-heading .elementor-heading-title[class*=elementor-size-]>a{color:inherit;font-size:inherit;line-height:inherit}.elementor-widget-heading .elementor-heading-title.elementor-size-small{font-size:15px}.elementor-widget-heading .elementor-heading-title.elementor-size-medium{font-size:19px}.elementor-widget-heading .elementor-heading-title.elementor-size-large{font-size:29px}.elementor-widget-heading .elementor-heading-title.elementor-size-xl{font-size:39px}.elementor-widget-heading .elementor-heading-title.elementor-size-xxl{font-size:59px}<\/style><h2 class=\"elementor-heading-title elementor-size-default\">Hlavn\u00fdm pilierom pr\u00e1ce je vytv\u00e1ranie bezpe\u010dn\u00e9ho priestoru pre: <\/h2>\t\t<\/div>\n\t\t\t\t<\/div>\n\t\t\t\t<div class=\"elementor-element elementor-element-53440e7 elementor-position-top elementor-vertical-align-top elementor-widget elementor-widget-image-box\" data-id=\"53440e7\" data-element_type=\"widget\" data-widget_type=\"image-box.default\">\n\t\t\t\t<div class=\"elementor-widget-container\">\n\t\t\t<style>\/*! elementor - v3.5.5 - 03-02-2022 *\/\n.elementor-widget-image-box .elementor-image-box-content{width:100%}@media (min-width:768px){.elementor-widget-image-box.elementor-position-left .elementor-image-box-wrapper,.elementor-widget-image-box.elementor-position-right .elementor-image-box-wrapper{display:-webkit-box;display:-ms-flexbox;display:flex}.elementor-widget-image-box.elementor-position-right .elementor-image-box-wrapper{text-align:right;-webkit-box-orient:horizontal;-webkit-box-direction:reverse;-ms-flex-direction:row-reverse;flex-direction:row-reverse}.elementor-widget-image-box.elementor-position-left .elementor-image-box-wrapper{text-align:left;-webkit-box-orient:horizontal;-webkit-box-direction:normal;-ms-flex-direction:row;flex-direction:row}.elementor-widget-image-box.elementor-position-top .elementor-image-box-img{margin:auto}.elementor-widget-image-box.elementor-vertical-align-top .elementor-image-box-wrapper{-webkit-box-align:start;-ms-flex-align:start;align-items:flex-start}.elementor-widget-image-box.elementor-vertical-align-middle .elementor-image-box-wrapper{-webkit-box-align:center;-ms-flex-align:center;align-items:center}.elementor-widget-image-box.elementor-vertical-align-bottom .elementor-image-box-wrapper{-webkit-box-align:end;-ms-flex-align:end;align-items:flex-end}}@media (max-width:767px){.elementor-widget-image-box .elementor-image-box-img{margin-left:auto!important;margin-right:auto!important;margin-bottom:15px}}.elementor-widget-image-box .elementor-image-box-img{display:inline-block}.elementor-widget-image-box .elementor-image-box-title a{color:inherit}.elementor-widget-image-box .elementor-image-box-wrapper{text-align:center}.elementor-widget-image-box .elementor-image-box-description{margin:0}<\/style><div class=\"elementor-image-box-wrapper\"><figure class=\"elementor-image-box-img\"><img decoding=\"async\" src=\"https:\/\/www.centrumlavita.sk\/wp-content\/uploads\/elementor\/thumbs\/Majka-transparent-e1647031073486-plq4opgkfr9ax4cjxweky44b3f6tv0im6ixkzdr1zg.png\" title=\"Majka transparent\" alt=\"Majka transparent\" \/><\/figure><div class=\"elementor-image-box-content\"><p class=\"elementor-image-box-description\">sebapozn\u00e1vanie, porozumenie, h\u013eadanie a\u202fnach\u00e1dzanie, prijatie a\u202fzdie\u013eanie <\/p><\/div><\/div>\t\t<\/div>\n\t\t\t\t<\/div>\n\t\t\t\t<div class=\"elementor-element elementor-element-06aff1d elementor-position-top elementor-vertical-align-top elementor-widget elementor-widget-image-box\" data-id=\"06aff1d\" data-element_type=\"widget\" data-widget_type=\"image-box.default\">\n\t\t\t\t<div class=\"elementor-widget-container\">\n\t\t\t<div class=\"elementor-image-box-wrapper\"><figure class=\"elementor-image-box-img\"><img decoding=\"async\" src=\"https:\/\/www.centrumlavita.sk\/wp-content\/uploads\/elementor\/thumbs\/Majka-transparent-e1647031073486-plq4opgkfr9ax4cjxweky44b3f6tv0im6ixkzdr1zg.png\" title=\"Majka transparent\" alt=\"Majka transparent\" \/><\/figure><div class=\"elementor-image-box-content\"><p class=\"elementor-image-box-description\">t\u00e9my rodi\u010dovstva, partnerstva, intimity a vlastnej individuality<\/p><\/div><\/div>\t\t<\/div>\n\t\t\t\t<\/div>\n\t\t\t\t<div class=\"elementor-element elementor-element-afef384 elementor-position-top elementor-vertical-align-top elementor-widget elementor-widget-image-box\" data-id=\"afef384\" data-element_type=\"widget\" data-widget_type=\"image-box.default\">\n\t\t\t\t<div class=\"elementor-widget-container\">\n\t\t\t<div class=\"elementor-image-box-wrapper\"><figure class=\"elementor-image-box-img\"><img decoding=\"async\" src=\"https:\/\/www.centrumlavita.sk\/wp-content\/uploads\/elementor\/thumbs\/Majka-transparent-e1647031073486-plq4opgkfr9ax4cjxweky44b3f6tv0im6ixkzdr1zg.png\" title=\"Majka transparent\" alt=\"Majka transparent\" \/><\/figure><div class=\"elementor-image-box-content\"><p class=\"elementor-image-box-description\">podporu v\u00a0obdob\u00ed v\u00fdznamn\u00fdch \u017eivotn\u00fdch zmien<\/p><\/div><\/div>\t\t<\/div>\n\t\t\t\t<\/div>\n\t\t\t\t<div class=\"elementor-element elementor-element-3de9372 elementor-position-top elementor-vertical-align-top elementor-widget elementor-widget-image-box\" data-id=\"3de9372\" data-element_type=\"widget\" data-widget_type=\"image-box.default\">\n\t\t\t\t<div class=\"elementor-widget-container\">\n\t\t\t<div class=\"elementor-image-box-wrapper\"><figure class=\"elementor-image-box-img\"><img decoding=\"async\" src=\"https:\/\/www.centrumlavita.sk\/wp-content\/uploads\/elementor\/thumbs\/Majka-transparent-e1647031073486-plq4opgkfr9ax4cjxweky44b3f6tv0im6ixkzdr1zg.png\" title=\"Majka transparent\" alt=\"Majka transparent\" \/><\/figure><div class=\"elementor-image-box-content\"><p class=\"elementor-image-box-description\">posil\u0148ovanie vn\u00fatornej stability jednotlivca aj rodinn\u00e9ho syst\u00e9mu a\u00a0vz\u00e1jomn\u00fdch vz\u0165ahov<\/p><\/div><\/div>\t\t<\/div>\n\t\t\t\t<\/div>\n\t\t\t\t<div class=\"elementor-element elementor-element-2dd6e61 elementor-widget elementor-widget-heading\" data-id=\"2dd6e61\" data-element_type=\"widget\" data-widget_type=\"heading.default\">\n\t\t\t\t<div class=\"elementor-widget-container\">\n\t\t\t<h2 class=\"elementor-heading-title elementor-size-default\">Pr\u00edstup<\/h2>\t\t<\/div>\n\t\t\t\t<\/div>\n\t\t\t\t<div class=\"elementor-element elementor-element-f81c78e elementor-widget elementor-widget-text-editor\" data-id=\"f81c78e\" data-element_type=\"widget\" data-widget_type=\"text-editor.default\">\n\t\t\t\t<div class=\"elementor-widget-container\">\n\t\t\t<style>\/*! elementor - v3.5.5 - 03-02-2022 *\/\n.elementor-widget-text-editor.elementor-drop-cap-view-stacked .elementor-drop-cap{background-color:#818a91;color:#fff}.elementor-widget-text-editor.elementor-drop-cap-view-framed .elementor-drop-cap{color:#818a91;border:3px solid;background-color:transparent}.elementor-widget-text-editor:not(.elementor-drop-cap-view-default) .elementor-drop-cap{margin-top:8px}.elementor-widget-text-editor:not(.elementor-drop-cap-view-default) .elementor-drop-cap-letter{width:1em;height:1em}.elementor-widget-text-editor .elementor-drop-cap{float:left;text-align:center;line-height:1;font-size:50px}.elementor-widget-text-editor .elementor-drop-cap-letter{display:inline-block}<\/style>\t\t\t\t<p style=\"text-align: center;\"><span data-contrast=\"none\">Holistick\u00fd- celostn\u00fd pr\u00edstup k \u010dloveku<\/span><span data-ccp-props=\"{\">\u00a0<\/span><\/p><p style=\"text-align: center;\"><span data-contrast=\"none\">Humanistick\u00fd- na \u010dloveka orientovan\u00fd pr\u00edstup<\/span><span data-ccp-props=\"{\">\u00a0<\/span><\/p><p style=\"text-align: center;\"><span data-contrast=\"none\">Pr\u00edstup zameran\u00fd na neurobiologick\u00fd, soci\u00e1lny a emocion\u00e1lny v\u00fdvin<\/span><span data-ccp-props=\"{\">\u00a0<\/span><\/p>\t\t\t\t\t\t<\/div>\n\t\t\t\t<\/div>\n\t\t\t\t<div class=\"elementor-element elementor-element-dcc00bb elementor-widget elementor-widget-image\" data-id=\"dcc00bb\" data-element_type=\"widget\" data-widget_type=\"image.default\">\n\t\t\t\t<div class=\"elementor-widget-container\">\n\t\t\t<style>\/*! elementor - v3.5.5 - 03-02-2022 *\/\n.elementor-widget-image{text-align:center}.elementor-widget-image a{display:inline-block}.elementor-widget-image a img[src$=\".svg\"]{width:48px}.elementor-widget-image img{vertical-align:middle;display:inline-block}<\/style>\t\t\t\t\t\t\t\t\t\t\t\t<img decoding=\"async\" src=\"https:\/\/www.centrumlavita.sk\/wp-content\/uploads\/elementor\/thumbs\/Majka-transparent-e1647031073486-plq4opgkfr9ax4cjxweky44b3f6tv0im6ixkzdr1zg.png\" title=\"Majka transparent\" alt=\"Majka transparent\" \/>\t\t\t\t\t\t\t\t\t\t\t\t\t\t\t<\/div>\n\t\t\t\t<\/div>\n\t\t\t\t<div class=\"elementor-element elementor-element-de52741 elementor-widget elementor-widget-text-editor\" data-id=\"de52741\" data-element_type=\"widget\" data-widget_type=\"text-editor.default\">\n\t\t\t\t<div class=\"elementor-widget-container\">\n\t\t\t\t\t\t\t<p style=\"text-align: center;\">In\u00fdmi slovami- \u013eudsk\u00fd. Za ka\u017ed\u00fdch okolnost\u00ed. &#8222;La Vita&#8220; znamen\u00e1 v preklade &#8222;\u017eivot&#8220;.<\/p><p style=\"text-align: center;\">Poslan\u00edm centra je s \u00factou aj s nadh\u013eadom, veselo i v\u00e1\u017ene nazrie\u0165 na ot\u00e1zky, ktor\u00e9 V\u00e1m \u017eivot poklad\u00e1.<\/p><p style=\"text-align: center;\">Je to priestor hovori\u0165 o n\u00e1ro\u010dn\u00fdch t\u00e9mach v odbornej a z\u00e1rove\u0148 \u013eudskej atmosf\u00e9re.<\/p>\t\t\t\t\t\t<\/div>\n\t\t\t\t<\/div>\n\t\t\t\t\t<\/div>\n\t\t<\/div>\n\t\t\t\t\t\t\t<\/div>\n\t\t<\/section>\n\t\t\t\t<section class=\"elementor-section elementor-top-section elementor-element elementor-element-c4fa29f elementor-section-boxed elementor-section-height-default elementor-section-height-default\" data-id=\"c4fa29f\" data-element_type=\"section\">\n\t\t\t\t\t\t<div class=\"elementor-container elementor-column-gap-default\">\n\t\t\t\t\t<div class=\"elementor-column elementor-col-100 elementor-top-column elementor-element elementor-element-c60eeca\" data-id=\"c60eeca\" data-element_type=\"column\">\n\t\t\t<div class=\"elementor-widget-wrap\">\n\t\t\t\t\t\t\t\t\t<\/div>\n\t\t<\/div>\n\t\t\t\t\t\t\t<\/div>\n\t\t<\/section>\n\t\t\t\t\t\t<\/div>\n\t\t\t\t\t<\/div>\n\t\t","protected":false},"excerpt":{"rendered":"<p>Hlavn\u00fdm pilierom pr\u00e1ce je vytv\u00e1ranie bezpe\u010dn\u00e9ho priestoru pre: sebapozn\u00e1vanie, porozumenie, h\u013eadanie a\u202fnach\u00e1dzanie, prijatie a\u202fzdie\u013eanie t\u00e9my rodi\u010dovstva, partnerstva, intimity a vlastnej individuality podporu v\u00a0obdob\u00ed v\u00fdznamn\u00fdch \u017eivotn\u00fdch zmien posil\u0148ovanie vn\u00fatornej stability jednotlivca aj rodinn\u00e9ho syst\u00e9mu a\u00a0vz\u00e1jomn\u00fdch vz\u0165ahov Pr\u00edstup Holistick\u00fd- celostn\u00fd pr\u00edstup k \u010dloveku\u00a0 Humanistick\u00fd- na \u010dloveka orientovan\u00fd pr\u00edstup\u00a0 Pr\u00edstup zameran\u00fd na neurobiologick\u00fd, soci\u00e1lny a emocion\u00e1lny v\u00fdvin\u00a0 In\u00fdmi &hellip;<\/p>\n<p class=\"read-more\"> <a class=\"\" href=\"https:\/\/www.centrumlavita.sk\/\"> <span class=\"screen-reader-text\">Domov<\/span> \u010c\u00edtajte viac &raquo;<\/a><\/p>\n","protected":false},"author":1,"featured_media":0,"parent":0,"menu_order":0,"comment_status":"closed","ping_status":"closed","template":"","meta":{"site-sidebar-layout":"no-sidebar","site-content-layout":"page-builder","ast-main-header-display":"","ast-hfb-above-header-display":"","ast-hfb-below-header-display":"","ast-hfb-mobile-header-display":"","site-post-title":"disabled","ast-breadcrumbs-content":"","ast-featured-img":"disabled","footer-sml-layout":"","theme-transparent-header-meta":"","adv-header-id-meta":"","stick-header-meta":"","header-above-stick-meta":"","header-main-stick-meta":"","header-below-stick-meta":"","footnotes":""},"class_list":["post-6","page","type-page","status-publish","hentry"],"_links":{"self":[{"href":"https:\/\/www.centrumlavita.sk\/index.php?rest_route=\/wp\/v2\/pages\/6","targetHints":{"allow":["GET"]}}],"collection":[{"href":"https:\/\/www.centrumlavita.sk\/index.php?rest_route=\/wp\/v2\/pages"}],"about":[{"href":"https:\/\/www.centrumlavita.sk\/index.php?rest_route=\/wp\/v2\/types\/page"}],"author":[{"embeddable":true,"href":"https:\/\/www.centrumlavita.sk\/index.php?rest_route=\/wp\/v2\/users\/1"}],"replies":[{"embeddable":true,"href":"https:\/\/www.centrumlavita.sk\/index.php?rest_route=%2Fwp%2Fv2%2Fcomments&post=6"}],"version-history":[{"count":97,"href":"https:\/\/www.centrumlavita.sk\/index.php?rest_route=\/wp\/v2\/pages\/6\/revisions"}],"predecessor-version":[{"id":583,"href":"https:\/\/www.centrumlavita.sk\/index.php?rest_route=\/wp\/v2\/pages\/6\/revisions\/583"}],"wp:attachment":[{"href":"https:\/\/www.centrumlavita.sk\/index.php?rest_route=%2Fwp%2Fv2%2Fmedia&parent=6"}],"curies":[{"name":"wp","href":"https:\/\/api.w.org\/{rel}","templated":true}]}}